{"id":6039,"date":"2026-01-19T14:11:15","date_gmt":"2026-01-19T19:11:15","guid":{"rendered":"https:\/\/cqfa.quebec\/historique\/"},"modified":"2026-01-19T14:37:51","modified_gmt":"2026-01-19T19:37:51","slug":"history","status":"publish","type":"page","link":"https:\/\/cqfa.quebec\/en\/history\/","title":{"rendered":"History"},"content":{"rendered":"","protected":false},"excerpt":{"rendered":"","protected":false},"author":55,"featured_media":0,"parent":0,"menu_order":0,"comment_status":"closed","ping_status":"closed","template":"","meta":{"_acf_changed":false,"_bbp_topic_count":0,"_bbp_reply_count":0,"_bbp_total_topic_count":0,"_bbp_total_reply_count":0,"_bbp_voice_count":0,"_bbp_anonymous_reply_count":0,"_bbp_topic_count_hidden":0,"_bbp_reply_count_hidden":0,"_bbp_forum_subforum_count":0,"footnotes":""},"class_list":["post-6039","page","type-page","status-publish","hentry"],"acf":[],"yoast_head":"<!-- This site is optimized with the Yoast SEO plugin v26.3 - https:\/\/yoast.com\/wordpress\/plugins\/seo\/ -->\n<title>History - CQFA - Carrefour qu\u00e9b\u00e9cois de la fabrication additive<\/title>\n<meta name=\"robots\" content=\"index, follow, max-snippet:-1, max-image-preview:large, max-video-preview:-1\" \/>\n<link rel=\"canonical\" href=\"https:\/\/cqfa.quebec\/en\/history\/\" \/>\n<meta property=\"og:locale\" content=\"en_US\" \/>\n<meta property=\"og:type\" content=\"article\" \/>\n<meta property=\"og:title\" content=\"History - CQFA - Carrefour qu\u00e9b\u00e9cois de la fabrication additive\" \/>\n<meta property=\"og:url\" content=\"https:\/\/cqfa.quebec\/en\/history\/\" \/>\n<meta property=\"og:site_name\" content=\"CQFA - Carrefour qu\u00e9b\u00e9cois de la fabrication additive\" \/>\n<meta property=\"article:modified_time\" content=\"2026-01-19T19:37:51+00:00\" \/>\n<meta name=\"twitter:card\" content=\"summary_large_image\" \/>\n<script type=\"application\/ld+json\" class=\"yoast-schema-graph\">{\"@context\":\"https:\/\/schema.org\",\"@graph\":[{\"@type\":\"WebPage\",\"@id\":\"https:\/\/cqfa.quebec\/en\/history\/\",\"url\":\"https:\/\/cqfa.quebec\/en\/history\/\",\"name\":\"History - CQFA - Carrefour qu\u00e9b\u00e9cois de la fabrication additive\",\"isPartOf\":{\"@id\":\"https:\/\/cqfa.quebec\/en\/#website\"},\"datePublished\":\"2026-01-19T19:11:15+00:00\",\"dateModified\":\"2026-01-19T19:37:51+00:00\",\"breadcrumb\":{\"@id\":\"https:\/\/cqfa.quebec\/en\/history\/#breadcrumb\"},\"inLanguage\":\"en-US\",\"potentialAction\":[{\"@type\":\"ReadAction\",\"target\":[\"https:\/\/cqfa.quebec\/en\/history\/\"]}]},{\"@type\":\"BreadcrumbList\",\"@id\":\"https:\/\/cqfa.quebec\/en\/history\/#breadcrumb\",\"itemListElement\":[{\"@type\":\"ListItem\",\"position\":1,\"name\":\"Accueil\",\"item\":\"https:\/\/cqfa.quebec\/en\/\"},{\"@type\":\"ListItem\",\"position\":2,\"name\":\"History\"}]},{\"@type\":\"WebSite\",\"@id\":\"https:\/\/cqfa.quebec\/en\/#website\",\"url\":\"https:\/\/cqfa.quebec\/en\/\",\"name\":\"CQFA - Carrefour qu\u00e9b\u00e9cois de la fabrication additive\",\"description\":\"site du CQFA - Carrefour qu\u00e9b\u00e9cois de la fabrication additive\",\"potentialAction\":[{\"@type\":\"SearchAction\",\"target\":{\"@type\":\"EntryPoint\",\"urlTemplate\":\"https:\/\/cqfa.quebec\/en\/?s={search_term_string}\"},\"query-input\":{\"@type\":\"PropertyValueSpecification\",\"valueRequired\":true,\"valueName\":\"search_term_string\"}}],\"inLanguage\":\"en-US\"}]}<\/script>\n<!-- \/ Yoast SEO plugin. -->","yoast_head_json":{"title":"History - CQFA - Carrefour qu\u00e9b\u00e9cois de la fabrication additive","robots":{"index":"index","follow":"follow","max-snippet":"max-snippet:-1","max-image-preview":"max-image-preview:large","max-video-preview":"max-video-preview:-1"},"canonical":"https:\/\/cqfa.quebec\/en\/history\/","og_locale":"en_US","og_type":"article","og_title":"History - CQFA - Carrefour qu\u00e9b\u00e9cois de la fabrication additive","og_url":"https:\/\/cqfa.quebec\/en\/history\/","og_site_name":"CQFA - Carrefour qu\u00e9b\u00e9cois de la fabrication additive","article_modified_time":"2026-01-19T19:37:51+00:00","twitter_card":"summary_large_image","schema":{"@context":"https:\/\/schema.org","@graph":[{"@type":"WebPage","@id":"https:\/\/cqfa.quebec\/en\/history\/","url":"https:\/\/cqfa.quebec\/en\/history\/","name":"History - CQFA - Carrefour qu\u00e9b\u00e9cois de la fabrication additive","isPartOf":{"@id":"https:\/\/cqfa.quebec\/en\/#website"},"datePublished":"2026-01-19T19:11:15+00:00","dateModified":"2026-01-19T19:37:51+00:00","breadcrumb":{"@id":"https:\/\/cqfa.quebec\/en\/history\/#breadcrumb"},"inLanguage":"en-US","potentialAction":[{"@type":"ReadAction","target":["https:\/\/cqfa.quebec\/en\/history\/"]}]},{"@type":"BreadcrumbList","@id":"https:\/\/cqfa.quebec\/en\/history\/#breadcrumb","itemListElement":[{"@type":"ListItem","position":1,"name":"Accueil","item":"https:\/\/cqfa.quebec\/en\/"},{"@type":"ListItem","position":2,"name":"History"}]},{"@type":"WebSite","@id":"https:\/\/cqfa.quebec\/en\/#website","url":"https:\/\/cqfa.quebec\/en\/","name":"CQFA - Carrefour qu\u00e9b\u00e9cois de la fabrication additive","description":"site du CQFA - Carrefour qu\u00e9b\u00e9cois de la fabrication additive","potentialAction":[{"@type":"SearchAction","target":{"@type":"EntryPoint","urlTemplate":"https:\/\/cqfa.quebec\/en\/?s={search_term_string}"},"query-input":{"@type":"PropertyValueSpecification","valueRequired":true,"valueName":"search_term_string"}}],"inLanguage":"en-US"}]}},"_links":{"self":[{"href":"https:\/\/cqfa.quebec\/en\/wp-json\/wp\/v2\/pages\/6039","targetHints":{"allow":["GET"]}}],"collection":[{"href":"https:\/\/cqfa.quebec\/en\/wp-json\/wp\/v2\/pages"}],"about":[{"href":"https:\/\/cqfa.quebec\/en\/wp-json\/wp\/v2\/types\/page"}],"author":[{"embeddable":true,"href":"https:\/\/cqfa.quebec\/en\/wp-json\/wp\/v2\/users\/55"}],"replies":[{"embeddable":true,"href":"https:\/\/cqfa.quebec\/en\/wp-json\/wp\/v2\/comments?post=6039"}],"version-history":[{"count":2,"href":"https:\/\/cqfa.quebec\/en\/wp-json\/wp\/v2\/pages\/6039\/revisions"}],"predecessor-version":[{"id":6041,"href":"https:\/\/cqfa.quebec\/en\/wp-json\/wp\/v2\/pages\/6039\/revisions\/6041"}],"wp:attachment":[{"href":"https:\/\/cqfa.quebec\/en\/wp-json\/wp\/v2\/media?parent=6039"}],"curies":[{"name":"wp","href":"https:\/\/api.w.org\/{rel}","templated":true}]}}