{"id":883,"date":"2022-03-21T16:15:21","date_gmt":"2022-03-21T21:15:21","guid":{"rendered":"https:\/\/carrefour.adgmarketing.com\/financement\/"},"modified":"2026-04-17T12:55:18","modified_gmt":"2026-04-17T17:55:18","slug":"financing","status":"publish","type":"page","link":"https:\/\/cqfa.quebec\/en\/financing\/","title":{"rendered":"Financing"},"content":{"rendered":"","protected":false},"excerpt":{"rendered":"","protected":false},"author":1,"featured_media":0,"parent":0,"menu_order":35,"comment_status":"closed","ping_status":"closed","template":"","meta":{"_acf_changed":false,"_bbp_topic_count":0,"_bbp_reply_count":0,"_bbp_total_topic_count":0,"_bbp_total_reply_count":0,"_bbp_voice_count":0,"_bbp_anonymous_reply_count":0,"_bbp_topic_count_hidden":0,"_bbp_reply_count_hidden":0,"_bbp_forum_subforum_count":0,"footnotes":""},"class_list":["post-883","page","type-page","status-publish","hentry"],"acf":[],"yoast_head":"<!-- This site is optimized with the Yoast SEO plugin v26.3 - https:\/\/yoast.com\/wordpress\/plugins\/seo\/ -->\n<title>Carrefour qu\u00e9b\u00e9cois de la fabrication additive | CQFA | Financing<\/title>\n<meta name=\"description\" content=\"Discover all the financing programs you could have access to for your projects including additive manufacturing.\" \/>\n<meta name=\"robots\" content=\"index, follow, max-snippet:-1, max-image-preview:large, max-video-preview:-1\" \/>\n<link rel=\"canonical\" href=\"https:\/\/cqfa.quebec\/en\/financing\/\" \/>\n<meta property=\"og:locale\" content=\"en_US\" \/>\n<meta property=\"og:type\" content=\"article\" \/>\n<meta property=\"og:title\" content=\"Carrefour qu\u00e9b\u00e9cois de la fabrication additive | CQFA | Financing\" \/>\n<meta property=\"og:description\" content=\"Discover all the financing programs you could have access to for your projects including additive manufacturing.\" \/>\n<meta property=\"og:url\" content=\"https:\/\/cqfa.quebec\/en\/financing\/\" \/>\n<meta property=\"og:site_name\" content=\"CQFA - Carrefour qu\u00e9b\u00e9cois de la fabrication additive\" \/>\n<meta property=\"article:modified_time\" content=\"2026-04-17T17:55:18+00:00\" \/>\n<meta name=\"twitter:card\" content=\"summary_large_image\" \/>\n<script type=\"application\/ld+json\" class=\"yoast-schema-graph\">{\"@context\":\"https:\/\/schema.org\",\"@graph\":[{\"@type\":\"WebPage\",\"@id\":\"https:\/\/cqfa.quebec\/en\/financing\/\",\"url\":\"https:\/\/cqfa.quebec\/en\/financing\/\",\"name\":\"Carrefour qu\u00e9b\u00e9cois de la fabrication additive | CQFA | Financing\",\"isPartOf\":{\"@id\":\"https:\/\/cqfa.quebec\/en\/#website\"},\"datePublished\":\"2022-03-21T21:15:21+00:00\",\"dateModified\":\"2026-04-17T17:55:18+00:00\",\"description\":\"Discover all the financing programs you could have access to for your projects including additive manufacturing.\",\"breadcrumb\":{\"@id\":\"https:\/\/cqfa.quebec\/en\/financing\/#breadcrumb\"},\"inLanguage\":\"en-US\",\"potentialAction\":[{\"@type\":\"ReadAction\",\"target\":[\"https:\/\/cqfa.quebec\/en\/financing\/\"]}]},{\"@type\":\"BreadcrumbList\",\"@id\":\"https:\/\/cqfa.quebec\/en\/financing\/#breadcrumb\",\"itemListElement\":[{\"@type\":\"ListItem\",\"position\":1,\"name\":\"Accueil\",\"item\":\"https:\/\/cqfa.quebec\/en\/\"},{\"@type\":\"ListItem\",\"position\":2,\"name\":\"Financing\"}]},{\"@type\":\"WebSite\",\"@id\":\"https:\/\/cqfa.quebec\/en\/#website\",\"url\":\"https:\/\/cqfa.quebec\/en\/\",\"name\":\"CQFA - Carrefour qu\u00e9b\u00e9cois de la fabrication additive\",\"description\":\"site du CQFA - Carrefour qu\u00e9b\u00e9cois de la fabrication additive\",\"potentialAction\":[{\"@type\":\"SearchAction\",\"target\":{\"@type\":\"EntryPoint\",\"urlTemplate\":\"https:\/\/cqfa.quebec\/en\/?s={search_term_string}\"},\"query-input\":{\"@type\":\"PropertyValueSpecification\",\"valueRequired\":true,\"valueName\":\"search_term_string\"}}],\"inLanguage\":\"en-US\"}]}<\/script>\n<!-- \/ Yoast SEO plugin. -->","yoast_head_json":{"title":"Carrefour qu\u00e9b\u00e9cois de la fabrication additive | CQFA | Financing","description":"Discover all the financing programs you could have access to for your projects including additive manufacturing.","robots":{"index":"index","follow":"follow","max-snippet":"max-snippet:-1","max-image-preview":"max-image-preview:large","max-video-preview":"max-video-preview:-1"},"canonical":"https:\/\/cqfa.quebec\/en\/financing\/","og_locale":"en_US","og_type":"article","og_title":"Carrefour qu\u00e9b\u00e9cois de la fabrication additive | CQFA | Financing","og_description":"Discover all the financing programs you could have access to for your projects including additive manufacturing.","og_url":"https:\/\/cqfa.quebec\/en\/financing\/","og_site_name":"CQFA - Carrefour qu\u00e9b\u00e9cois de la fabrication additive","article_modified_time":"2026-04-17T17:55:18+00:00","twitter_card":"summary_large_image","schema":{"@context":"https:\/\/schema.org","@graph":[{"@type":"WebPage","@id":"https:\/\/cqfa.quebec\/en\/financing\/","url":"https:\/\/cqfa.quebec\/en\/financing\/","name":"Carrefour qu\u00e9b\u00e9cois de la fabrication additive | CQFA | Financing","isPartOf":{"@id":"https:\/\/cqfa.quebec\/en\/#website"},"datePublished":"2022-03-21T21:15:21+00:00","dateModified":"2026-04-17T17:55:18+00:00","description":"Discover all the financing programs you could have access to for your projects including additive manufacturing.","breadcrumb":{"@id":"https:\/\/cqfa.quebec\/en\/financing\/#breadcrumb"},"inLanguage":"en-US","potentialAction":[{"@type":"ReadAction","target":["https:\/\/cqfa.quebec\/en\/financing\/"]}]},{"@type":"BreadcrumbList","@id":"https:\/\/cqfa.quebec\/en\/financing\/#breadcrumb","itemListElement":[{"@type":"ListItem","position":1,"name":"Accueil","item":"https:\/\/cqfa.quebec\/en\/"},{"@type":"ListItem","position":2,"name":"Financing"}]},{"@type":"WebSite","@id":"https:\/\/cqfa.quebec\/en\/#website","url":"https:\/\/cqfa.quebec\/en\/","name":"CQFA - Carrefour qu\u00e9b\u00e9cois de la fabrication additive","description":"site du CQFA - Carrefour qu\u00e9b\u00e9cois de la fabrication additive","potentialAction":[{"@type":"SearchAction","target":{"@type":"EntryPoint","urlTemplate":"https:\/\/cqfa.quebec\/en\/?s={search_term_string}"},"query-input":{"@type":"PropertyValueSpecification","valueRequired":true,"valueName":"search_term_string"}}],"inLanguage":"en-US"}]}},"_links":{"self":[{"href":"https:\/\/cqfa.quebec\/en\/wp-json\/wp\/v2\/pages\/883","targetHints":{"allow":["GET"]}}],"collection":[{"href":"https:\/\/cqfa.quebec\/en\/wp-json\/wp\/v2\/pages"}],"about":[{"href":"https:\/\/cqfa.quebec\/en\/wp-json\/wp\/v2\/types\/page"}],"author":[{"embeddable":true,"href":"https:\/\/cqfa.quebec\/en\/wp-json\/wp\/v2\/users\/1"}],"replies":[{"embeddable":true,"href":"https:\/\/cqfa.quebec\/en\/wp-json\/wp\/v2\/comments?post=883"}],"version-history":[{"count":47,"href":"https:\/\/cqfa.quebec\/en\/wp-json\/wp\/v2\/pages\/883\/revisions"}],"predecessor-version":[{"id":6271,"href":"https:\/\/cqfa.quebec\/en\/wp-json\/wp\/v2\/pages\/883\/revisions\/6271"}],"wp:attachment":[{"href":"https:\/\/cqfa.quebec\/en\/wp-json\/wp\/v2\/media?parent=883"}],"curies":[{"name":"wp","href":"https:\/\/api.w.org\/{rel}","templated":true}]}}